{"id":10360,"date":"2022-11-08T14:50:51","date_gmt":"2022-11-08T13:50:51","guid":{"rendered":"http:\/\/www.jola-moda.pl\/?page_id=10360"},"modified":"2022-11-08T14:51:11","modified_gmt":"2022-11-08T13:51:11","slug":"collection-plus-size-2023","status":"publish","type":"page","link":"https:\/\/www.jola-moda.pl\/ru\/collection-plus-size-2023\/","title":{"rendered":"Collection Plus Size 2023"},"content":{"rendered":"<p>[et_pb_section fb_built=&#8221;1&#8243; _builder_version=&#8221;4.16&#8243; background_color=&#8221;#ffffff&#8221; global_colors_info=&#8221;{}&#8221;][et_pb_row column_structure=&#8221;1_4,1_2,1_4&#8243; _builder_version=&#8221;4.16&#8243; global_colors_info=&#8221;{}&#8221;][et_pb_column type=&#8221;1_4&#8243; _builder_version=&#8221;4.16&#8243; custom_padding=&#8221;|||&#8221; global_colors_info=&#8221;{}&#8221; custom_padding__hover=&#8221;|||&#8221;][\/et_pb_column][et_pb_column type=&#8221;1_2&#8243; _builder_version=&#8221;4.16&#8243; custom_padding=&#8221;|||&#8221; global_colors_info=&#8221;{}&#8221; custom_padding__hover=&#8221;|||&#8221;][et_pb_text admin_label=&#8221;nag\u0142\u00f3wek &#8211; kolekcja \u015blubna&#8221; _builder_version=&#8221;4.16&#8243; background_color=&#8221;rgba(255,255,255,0.5)&#8221; text_orientation=&#8221;center&#8221; custom_padding=&#8221;20px|20px|20px|20px&#8221; global_colors_info=&#8221;{}&#8221;]<\/p>\n<h1>Collection Plus Size 2023<\/h1>\n<p>[\/et_pb_text][\/et_pb_column][et_pb_column type=&#8221;1_4&#8243; _builder_version=&#8221;4.16&#8243; custom_padding=&#8221;|||&#8221; global_colors_info=&#8221;{}&#8221; custom_padding__hover=&#8221;|||&#8221;][\/et_pb_column][\/et_pb_row][\/et_pb_section][et_pb_section fb_built=&#8221;1&#8243; _builder_version=&#8221;4.16&#8243; background_color=&#8221;#ffffff&#8221; global_colors_info=&#8221;{}&#8221;][et_pb_row use_custom_gutter=&#8221;on&#8221; gutter_width=&#8221;2&#8243; make_equal=&#8221;on&#8221; _builder_version=&#8221;4.16&#8243; max_width=&#8221;1600px&#8221; use_custom_width=&#8221;on&#8221; custom_width_px=&#8221;1600px&#8221; global_colors_info=&#8221;{}&#8221;][et_pb_column type=&#8221;4_4&#8243; _builder_version=&#8221;4.16&#8243; custom_padding=&#8221;|||&#8221; global_colors_info=&#8221;{}&#8221; custom_padding__hover=&#8221;|||&#8221;][et_pb_gallery gallery_ids=&#8221;10371,10366,10381,10376,10391,10386,10401,10396,10411,10406,10421,10416,10426,10431,10441,10436,10446,10451,10461,10456,10471,10466,10481,10476,10491,10486,10501,10496,10511,10506,10521,10516,10531,10526,10541,10536,10546,10551,10561,10556,10571,10566,10581,10576,10586,10596,10591,10606,10601&#8243; posts_number=&#8221;24&#8243; db_image_max_width_tablet=&#8221;51&#8243; db_image_max_height_tablet=&#8221;501&#8243; db_image_row_spacing_tablet=&#8221;51&#8243; db_image_center_titles=&#8221;left&#8221; db_image_object_fit=&#8221;initial&#8221; dbdb_version=&#8221;3.8.6&#8243; orientation=&#8221;portrait&#8221; show_title_and_caption=&#8221;off&#8221; zoom_icon_color=&#8221;#e09900&#8243; hover_icon=&#8221;&#x54;||divi||400&#8243; admin_label=&#8221;galeria &#8211; kolekcja slubna 2020&#8243; _builder_version=&#8221;4.19.0&#8243; caption_font=&#8221;|||on|||||&#8221; caption_font_size=&#8221;17&#8243; pagination_font=&#8221;Dosis|500||on|||||&#8221; pagination_text_color=&#8221;#b56c00&#8243; pagination_font_size=&#8221;17&#8243; animation_style=&#8221;fade&#8221; pagination_font_size_tablet=&#8221;51&#8243; pagination_line_height_tablet=&#8221;2&#8243; box_shadow_style_image=&#8221;preset1&#8243; global_colors_info=&#8221;{}&#8221;][\/et_pb_gallery][\/et_pb_column][\/et_pb_row][\/et_pb_section]<\/p>\n","protected":false},"excerpt":{"rendered":"<p>Collection Plus Size 2023<\/p>\n","protected":false},"author":2,"featured_media":0,"parent":0,"menu_order":0,"comment_status":"closed","ping_status":"closed","template":"","meta":{"_et_pb_use_builder":"on","_et_pb_old_content":"","_et_gb_content_width":"","footnotes":""},"class_list":["post-10360","page","type-page","status-publish","hentry"],"_links":{"self":[{"href":"https:\/\/www.jola-moda.pl\/ru\/wp-json\/wp\/v2\/pages\/10360","targetHints":{"allow":["GET"]}}],"collection":[{"href":"https:\/\/www.jola-moda.pl\/ru\/wp-json\/wp\/v2\/pages"}],"about":[{"href":"https:\/\/www.jola-moda.pl\/ru\/wp-json\/wp\/v2\/types\/page"}],"author":[{"embeddable":true,"href":"https:\/\/www.jola-moda.pl\/ru\/wp-json\/wp\/v2\/users\/2"}],"replies":[{"embeddable":true,"href":"https:\/\/www.jola-moda.pl\/ru\/wp-json\/wp\/v2\/comments?post=10360"}],"version-history":[{"count":0,"href":"https:\/\/www.jola-moda.pl\/ru\/wp-json\/wp\/v2\/pages\/10360\/revisions"}],"wp:attachment":[{"href":"https:\/\/www.jola-moda.pl\/ru\/wp-json\/wp\/v2\/media?parent=10360"}],"curies":[{"name":"wp","href":"https:\/\/api.w.org\/{rel}","templated":true}]}}