{"id":7413,"date":"2020-02-19T11:00:27","date_gmt":"2020-02-19T10:00:27","guid":{"rendered":"http:\/\/www.jola-moda.pl\/kontakt\/"},"modified":"2020-02-19T11:25:10","modified_gmt":"2020-02-19T10:25:10","slug":"contact","status":"publish","type":"page","link":"https:\/\/www.jola-moda.pl\/fr\/contact\/","title":{"rendered":"Contact"},"content":{"rendered":"<p>[et_pb_section fb_built=&#8221;1&#8243; fullwidth=&#8221;on&#8221; _builder_version=&#8221;4.3.2&#8243;][et_pb_fullwidth_code _builder_version=&#8221;4.3.2&#8243; hover_enabled=&#8221;0&#8243;]<iframe loading=\"lazy\" width=\"100%\" height=\"450\" frameborder=\"0\" scrolling=\"no\" marginheight=\"0\" marginwidth=\"0\" src=\"https:\/\/www.openstreetmap.org\/export\/embed.html?bbox=19.307924509048465%2C50.56758605856231%2C19.322086572647095%2C50.57363704252785&#038;layer=mapnik&#038;marker=50.570611647691244%2C19.31500554084778\" style=\"border: 1px solid black\"><\/iframe>[\/et_pb_fullwidth_code][\/et_pb_section][et_pb_section fb_built=&#8221;1&#8243; _builder_version=&#8221;3.22&#8243;][et_pb_row admin_label=&#8221;jestesmy dla was&#8221; _builder_version=&#8221;3.25&#8243;][et_pb_column type=&#8221;4_4&#8243; _builder_version=&#8221;3.25&#8243; custom_padding=&#8221;|||&#8221; custom_padding__hover=&#8221;|||&#8221;][et_pb_text admin_label=&#8221;tekst &#8211; jestesmy dla was&#8221; _builder_version=&#8221;4.3.2&#8243; header_font=&#8221;|||on|||||&#8221; header_text_align=&#8221;center&#8221; header_2_font=&#8221;Dosis||||||||&#8221; header_2_text_align=&#8221;center&#8221; text_orientation=&#8221;center&#8221; hover_enabled=&#8221;0&#8243;]<\/p>\n<h2>Nous sommes ici pour vous<\/h2>\n<p>&nbsp;<\/p>\n<p>[\/et_pb_text][\/et_pb_column][\/et_pb_row][et_pb_row column_structure=&#8221;1_2,1_2&#8243; _builder_version=&#8221;3.25&#8243; background_size=&#8221;initial&#8221; background_position=&#8221;top_left&#8221; background_repeat=&#8221;repeat&#8221;][et_pb_column type=&#8221;1_2&#8243; _builder_version=&#8221;3.25&#8243; custom_padding=&#8221;|||&#8221; custom_padding__hover=&#8221;|||&#8221;][et_pb_text admin_label=&#8221;adres &#8211; kontakt&#8221; _builder_version=&#8221;4.3.2&#8243; hover_enabled=&#8221;0&#8243;]<\/p>\n<h1>Fabricant de robes de mari\u00e9e, soir\u00e9e et communion &#8220;Jola-Moda&#8221;<\/h1>\n<h2>Service clients:<\/h2>\n<p>Pologne, 42-300 Myszk\u00f3w ul. Krasickiego 93 \u201eF\u201d<br \/>tel.\/fax: +48 34 3133739<br \/>e-mail: biuro@jola-moda.pl<\/p>\n<h1>Repr\u00e9sentants des ventes:<\/h1>\n<p><strong>Jolanta Jeziorska &#8211; anglais, allemand, russe, slovaque <\/strong><br \/>e-mail: <a href=\"mailto:biuro@jola-moda.pl\">biuro@jola-moda.pl<\/a><\/p>\n<p><strong>Jacek &amp; Beate Bardorz &#8211; allemand<\/strong><br \/>e-mail: <a href=\"mailto:jola-moda-bardorz@t-online.de\">jola-moda-bardorz@t-online.de<\/a><\/p>\n<p><strong>Iwona Pruv\u00f4t &#8211; alleman, francais, italien, anglais<br \/><\/strong>e-mail: <a href=\"mailto:ipruvot@jola-moda.pl\">ipruvot@jola-moda.pl<\/a><\/p>\n<p><strong>Redup Design<\/strong><br \/><a href=\"http:\/\/www.redupsvatby.cz\" target=\"_blank\" rel=\"noopener noreferrer\">www.redupsvatby.cz<\/a><br \/>Eva Pol\u00e1kov\u00e1, Martin Pol\u00e1k &#8211; tch\u00e8que, anglais<br \/>e-mail: <a href=\"mailto:Ing.polakovaeva@seznam.cz\">Ing.polakovaeva@seznam.cz<\/a><br \/>+420 777 323 821, (+420 775 142 782)<\/p>\n<p>[\/et_pb_text][\/et_pb_column][et_pb_column type=&#8221;1_2&#8243; _builder_version=&#8221;3.25&#8243; custom_padding=&#8221;|||&#8221; custom_padding__hover=&#8221;|||&#8221;][et_pb_contact_form email=&#8221;biuro@jola-moda.pl&#8221; title=&#8221;\u00c9crivez-nous&#8221; custom_message=&#8221;%%name%%||et_pb_line_break_holder||%%email%%||et_pb_line_break_holder||%%message%%&#8221; success_message=&#8221;Merci d&#8217;envoyer un message, nous vous invitons \u00e9galement \u00e0 nous contacter par t\u00e9l\u00e9phone.&#8221; submit_button_text=&#8221;Envoyer&#8221; admin_label=&#8221;Formularz&#8221; _builder_version=&#8221;4.3.2&#8243; hover_enabled=&#8221;0&#8243;][et_pb_contact_field field_id=&#8221;Name&#8221; field_title=&#8221;Nazwa&#8221; _builder_version=&#8221;3.16&#8243; button_text_size__hover_enabled=&#8221;off&#8221; button_one_text_size__hover_enabled=&#8221;off&#8221; button_two_text_size__hover_enabled=&#8221;off&#8221; button_text_color__hover_enabled=&#8221;off&#8221; button_one_text_color__hover_enabled=&#8221;off&#8221; button_two_text_color__hover_enabled=&#8221;off&#8221; button_border_width__hover_enabled=&#8221;off&#8221; button_one_border_width__hover_enabled=&#8221;off&#8221; button_two_border_width__hover_enabled=&#8221;off&#8221; button_border_color__hover_enabled=&#8221;off&#8221; button_one_border_color__hover_enabled=&#8221;off&#8221; button_two_border_color__hover_enabled=&#8221;off&#8221; button_border_radius__hover_enabled=&#8221;off&#8221; button_one_border_radius__hover_enabled=&#8221;off&#8221; button_two_border_radius__hover_enabled=&#8221;off&#8221; button_letter_spacing__hover_enabled=&#8221;off&#8221; button_one_letter_spacing__hover_enabled=&#8221;off&#8221; button_two_letter_spacing__hover_enabled=&#8221;off&#8221; button_bg_color__hover_enabled=&#8221;off&#8221; button_one_bg_color__hover_enabled=&#8221;off&#8221; button_two_bg_color__hover_enabled=&#8221;off&#8221;][\/et_pb_contact_field][et_pb_contact_field field_id=&#8221;Email&#8221; field_title=&#8221;Email&#8221; field_type=&#8221;email&#8221; _builder_version=&#8221;3.16&#8243; button_text_size__hover_enabled=&#8221;off&#8221; button_one_text_size__hover_enabled=&#8221;off&#8221; button_two_text_size__hover_enabled=&#8221;off&#8221; button_text_color__hover_enabled=&#8221;off&#8221; button_one_text_color__hover_enabled=&#8221;off&#8221; button_two_text_color__hover_enabled=&#8221;off&#8221; button_border_width__hover_enabled=&#8221;off&#8221; button_one_border_width__hover_enabled=&#8221;off&#8221; button_two_border_width__hover_enabled=&#8221;off&#8221; button_border_color__hover_enabled=&#8221;off&#8221; button_one_border_color__hover_enabled=&#8221;off&#8221; button_two_border_color__hover_enabled=&#8221;off&#8221; button_border_radius__hover_enabled=&#8221;off&#8221; button_one_border_radius__hover_enabled=&#8221;off&#8221; button_two_border_radius__hover_enabled=&#8221;off&#8221; button_letter_spacing__hover_enabled=&#8221;off&#8221; button_one_letter_spacing__hover_enabled=&#8221;off&#8221; button_two_letter_spacing__hover_enabled=&#8221;off&#8221; button_bg_color__hover_enabled=&#8221;off&#8221; button_one_bg_color__hover_enabled=&#8221;off&#8221; button_two_bg_color__hover_enabled=&#8221;off&#8221;][\/et_pb_contact_field][et_pb_contact_field field_id=&#8221;Message&#8221; field_title=&#8221;Wiadomo\u015b\u0107&#8221; field_type=&#8221;text&#8221; fullwidth_field=&#8221;on&#8221; _builder_version=&#8221;3.16&#8243; button_text_size__hover_enabled=&#8221;off&#8221; button_one_text_size__hover_enabled=&#8221;off&#8221; button_two_text_size__hover_enabled=&#8221;off&#8221; button_text_color__hover_enabled=&#8221;off&#8221; button_one_text_color__hover_enabled=&#8221;off&#8221; button_two_text_color__hover_enabled=&#8221;off&#8221; button_border_width__hover_enabled=&#8221;off&#8221; button_one_border_width__hover_enabled=&#8221;off&#8221; button_two_border_width__hover_enabled=&#8221;off&#8221; button_border_color__hover_enabled=&#8221;off&#8221; button_one_border_color__hover_enabled=&#8221;off&#8221; button_two_border_color__hover_enabled=&#8221;off&#8221; button_border_radius__hover_enabled=&#8221;off&#8221; button_one_border_radius__hover_enabled=&#8221;off&#8221; button_two_border_radius__hover_enabled=&#8221;off&#8221; button_letter_spacing__hover_enabled=&#8221;off&#8221; button_one_letter_spacing__hover_enabled=&#8221;off&#8221; button_two_letter_spacing__hover_enabled=&#8221;off&#8221; button_bg_color__hover_enabled=&#8221;off&#8221; button_one_bg_color__hover_enabled=&#8221;off&#8221; button_two_bg_color__hover_enabled=&#8221;off&#8221;][\/et_pb_contact_field][\/et_pb_contact_form][\/et_pb_column][\/et_pb_row][\/et_pb_section]<\/p>\n","protected":false},"excerpt":{"rendered":"<p>Nous sommes ici pour vous &nbsp; Fabricant de robes de mari\u00e9e, soir\u00e9e et communion &#8220;Jola-Moda&#8221; Service clients: Pologne, 42-300 Myszk\u00f3w ul. Krasickiego 93 \u201eF\u201dtel.\/fax: +48 34 3133739e-mail: biuro@jola-moda.pl Repr\u00e9sentants des ventes: Jolanta Jeziorska &#8211; anglais, allemand, russe, slovaque e-mail: biuro@jola-moda.pl Jacek &amp; Beate Bardorz &#8211; allemande-mail: jola-moda-bardorz@t-online.de Iwona Pruv\u00f4t &#8211; alleman, francais, italien, anglaise-mail: ipruvot@jola-moda.pl [&hellip;]<\/p>\n","protected":false},"author":4,"featured_media":0,"parent":0,"menu_order":0,"comment_status":"closed","ping_status":"closed","template":"","meta":{"_et_pb_use_builder":"on","_et_pb_old_content":"","_et_gb_content_width":"","footnotes":""},"class_list":["post-7413","page","type-page","status-publish","hentry"],"_links":{"self":[{"href":"https:\/\/www.jola-moda.pl\/fr\/wp-json\/wp\/v2\/pages\/7413","targetHints":{"allow":["GET"]}}],"collection":[{"href":"https:\/\/www.jola-moda.pl\/fr\/wp-json\/wp\/v2\/pages"}],"about":[{"href":"https:\/\/www.jola-moda.pl\/fr\/wp-json\/wp\/v2\/types\/page"}],"author":[{"embeddable":true,"href":"https:\/\/www.jola-moda.pl\/fr\/wp-json\/wp\/v2\/users\/4"}],"replies":[{"embeddable":true,"href":"https:\/\/www.jola-moda.pl\/fr\/wp-json\/wp\/v2\/comments?post=7413"}],"version-history":[{"count":0,"href":"https:\/\/www.jola-moda.pl\/fr\/wp-json\/wp\/v2\/pages\/7413\/revisions"}],"wp:attachment":[{"href":"https:\/\/www.jola-moda.pl\/fr\/wp-json\/wp\/v2\/media?parent=7413"}],"curies":[{"name":"wp","href":"https:\/\/api.w.org\/{rel}","templated":true}]}}