{"id":10005,"date":"2021-12-07T11:27:17","date_gmt":"2021-12-07T10:27:17","guid":{"rendered":"http:\/\/www.jola-moda.pl\/kolekcja-slubna-2022\/"},"modified":"2021-12-07T14:03:25","modified_gmt":"2021-12-07T13:03:25","slug":"collection-robe-de-mariee-2022","status":"publish","type":"page","link":"https:\/\/www.jola-moda.pl\/fr\/collection-robe-de-mariee-2022\/","title":{"rendered":"Collection robe de mari\u00e9e 2022"},"content":{"rendered":"<p>[et_pb_section fb_built=&#8221;1&#8243; _builder_version=&#8221;4.3.2&#8243;][et_pb_row column_structure=&#8221;1_4,1_2,1_4&#8243; _builder_version=&#8221;3.25&#8243;][et_pb_column type=&#8221;1_4&#8243; _builder_version=&#8221;3.25&#8243; custom_padding=&#8221;|||&#8221; custom_padding__hover=&#8221;|||&#8221;][\/et_pb_column][et_pb_column type=&#8221;1_2&#8243; _builder_version=&#8221;3.25&#8243; custom_padding=&#8221;|||&#8221; custom_padding__hover=&#8221;|||&#8221;][et_pb_text admin_label=&#8221;nag\u0142\u00f3wek &#8211; kolekcja \u015blubna&#8221; _builder_version=&#8221;4.3.4&#8243; background_color=&#8221;rgba(255,255,255,0.5)&#8221; text_orientation=&#8221;center&#8221; custom_padding=&#8221;20px|20px|20px|20px&#8221; hover_enabled=&#8221;0&#8243;]<\/p>\n<h1>Collection robe de mari\u00e9e 2022<\/h1>\n<p>[\/et_pb_text][\/et_pb_column][et_pb_column type=&#8221;1_4&#8243; _builder_version=&#8221;3.25&#8243; custom_padding=&#8221;|||&#8221; custom_padding__hover=&#8221;|||&#8221;][\/et_pb_column][\/et_pb_row][\/et_pb_section][et_pb_section fb_built=&#8221;1&#8243; _builder_version=&#8221;4.3.2&#8243;][et_pb_row use_custom_gutter=&#8221;on&#8221; gutter_width=&#8221;2&#8243; make_equal=&#8221;on&#8221; _builder_version=&#8221;3.25&#8243; max_width=&#8221;1600px&#8221; use_custom_width=&#8221;on&#8221; custom_width_px=&#8221;1600px&#8221;][et_pb_column type=&#8221;4_4&#8243; _builder_version=&#8221;3.25&#8243; custom_padding=&#8221;|||&#8221; custom_padding__hover=&#8221;|||&#8221;][et_pb_gallery gallery_ids=&#8221;9788,9783,9798,9793,9808,9803,9818,9813,9828,9823,9833,9838,9843,9853,9848,9863,9858,9873,9868,9883,9878,9888,9893,9898,9908,9903,9918,9913,9928,9923,9938,9933,9943,9948,9958,9953,9968,9963,9978,9973,9988,9983&#8243; posts_number=&#8221;24&#8243; db_image_max_width_tablet=&#8221;51&#8243; db_image_max_height_tablet=&#8221;501&#8243; db_image_row_spacing_tablet=&#8221;51&#8243; db_image_center_titles=&#8221;left&#8221; db_image_object_fit=&#8221;initial&#8221; orientation=&#8221;portrait&#8221; show_title_and_caption=&#8221;off&#8221; zoom_icon_color=&#8221;#e09900&#8243; hover_icon=&#8221;%%51%%&#8221; admin_label=&#8221;galeria &#8211; kolekcja slubna 2019&#8243; _builder_version=&#8221;4.3.4&#8243; caption_font=&#8221;|||on|||||&#8221; caption_font_size=&#8221;17&#8243; pagination_font=&#8221;Dosis|500||on|||||&#8221; pagination_text_color=&#8221;#b56c00&#8243; pagination_font_size=&#8221;17&#8243; animation_style=&#8221;fade&#8221; pagination_font_size_tablet=&#8221;51&#8243; pagination_line_height_tablet=&#8221;2&#8243; box_shadow_style_image=&#8221;preset1&#8243; saved_tabs=&#8221;all&#8221;][\/et_pb_gallery][\/et_pb_column][\/et_pb_row][\/et_pb_section]<\/p>\n","protected":false},"excerpt":{"rendered":"<p>Collection robe de mari\u00e9e 2022<\/p>\n","protected":false},"author":2,"featured_media":0,"parent":0,"menu_order":0,"comment_status":"closed","ping_status":"closed","template":"","meta":{"_et_pb_use_builder":"on","_et_pb_old_content":"","_et_gb_content_width":"","footnotes":""},"class_list":["post-10005","page","type-page","status-publish","hentry"],"_links":{"self":[{"href":"https:\/\/www.jola-moda.pl\/fr\/wp-json\/wp\/v2\/pages\/10005","targetHints":{"allow":["GET"]}}],"collection":[{"href":"https:\/\/www.jola-moda.pl\/fr\/wp-json\/wp\/v2\/pages"}],"about":[{"href":"https:\/\/www.jola-moda.pl\/fr\/wp-json\/wp\/v2\/types\/page"}],"author":[{"embeddable":true,"href":"https:\/\/www.jola-moda.pl\/fr\/wp-json\/wp\/v2\/users\/2"}],"replies":[{"embeddable":true,"href":"https:\/\/www.jola-moda.pl\/fr\/wp-json\/wp\/v2\/comments?post=10005"}],"version-history":[{"count":0,"href":"https:\/\/www.jola-moda.pl\/fr\/wp-json\/wp\/v2\/pages\/10005\/revisions"}],"wp:attachment":[{"href":"https:\/\/www.jola-moda.pl\/fr\/wp-json\/wp\/v2\/media?parent=10005"}],"curies":[{"name":"wp","href":"https:\/\/api.w.org\/{rel}","templated":true}]}}