{"id":7412,"date":"2020-02-19T11:00:27","date_gmt":"2020-02-19T10:00:27","guid":{"rendered":"http:\/\/www.jola-moda.pl\/kontakt\/"},"modified":"2020-02-19T11:25:31","modified_gmt":"2020-02-19T10:25:31","slug":"contact","status":"publish","type":"page","link":"http:\/\/www.jola-moda.pl\/en\/contact\/","title":{"rendered":"Contact"},"content":{"rendered":"<p>[et_pb_section fb_built=&#8221;1&#8243; fullwidth=&#8221;on&#8221; _builder_version=&#8221;4.3.2&#8243;][et_pb_fullwidth_code _builder_version=&#8221;4.3.2&#8243; hover_enabled=&#8221;0&#8243;]<iframe loading=\"lazy\" width=\"100%\" height=\"450\" frameborder=\"0\" scrolling=\"no\" marginheight=\"0\" marginwidth=\"0\" src=\"https:\/\/www.openstreetmap.org\/export\/embed.html?bbox=19.307924509048465%2C50.56758605856231%2C19.322086572647095%2C50.57363704252785&#038;layer=mapnik&#038;marker=50.570611647691244%2C19.31500554084778\" style=\"border: 1px solid black\"><\/iframe>[\/et_pb_fullwidth_code][\/et_pb_section][et_pb_section fb_built=&#8221;1&#8243; _builder_version=&#8221;3.22&#8243;][et_pb_row admin_label=&#8221;jestesmy dla was&#8221; _builder_version=&#8221;3.25&#8243;][et_pb_column type=&#8221;4_4&#8243; _builder_version=&#8221;3.25&#8243; custom_padding=&#8221;|||&#8221; custom_padding__hover=&#8221;|||&#8221;][et_pb_text admin_label=&#8221;tekst &#8211; jestesmy dla was&#8221; _builder_version=&#8221;4.3.2&#8243; header_font=&#8221;|||on|||||&#8221; header_text_align=&#8221;center&#8221; header_2_font=&#8221;Dosis||||||||&#8221; header_2_text_align=&#8221;center&#8221; text_orientation=&#8221;center&#8221;]<\/p>\n<h2>We are for You<\/h2>\n<\/p>\n<p>[\/et_pb_text][\/et_pb_column][\/et_pb_row][et_pb_row column_structure=&#8221;1_2,1_2&#8243; _builder_version=&#8221;3.25&#8243; background_size=&#8221;initial&#8221; background_position=&#8221;top_left&#8221; background_repeat=&#8221;repeat&#8221;][et_pb_column type=&#8221;1_2&#8243; _builder_version=&#8221;3.25&#8243; custom_padding=&#8221;|||&#8221; custom_padding__hover=&#8221;|||&#8221;][et_pb_text admin_label=&#8221;adres &#8211; kontakt&#8221; _builder_version=&#8221;4.3.2&#8243;]<\/p>\n<h1>Producer wedding dresses, evening and communion &#8220;JOLA-MODA&#8221;<\/h1>\n<h2>Customer Service<\/h2>\n<p>Poland, 42-300 Myszk\u00f3w ul. Krasickiego 93 \u201eF\u201d<br \/>\ntel.\/fax: +48 34 3133739<br \/>\ne-mail: biuro@jola-moda.pl<\/p>\n<h1>SALES REPRESENTATIVES:<\/h1>\n<p><strong>Jolanta Jeziorska- english, german, russian, slovak<\/strong><br \/>\ne-mail: <a href=\"mailto:biuro@jola-moda.pl\">biuro@jola-moda.pl<\/a><\/p>\n<p><strong>Jacek &amp; Beate Bardorz- german<\/strong><br \/>\ne-mail: <a href=\"mailto:jola-moda-bardorz@t-online.de\">jola-moda-bardorz@t-online.de<\/a><\/p>\n<p><strong>Iwona Pruv\u00f4t &#8211; german, french, italian, english<br \/>\n<\/strong>e-mail: <a href=\"mailto:ipruvot@jola-moda.pl\">ipruvot@jola-moda.pl<\/a><\/p>\n<p><strong>Redup Design<\/strong><br \/>\n<a href=\"http:\/\/www.redupsvatby.cz\" target=\"_blank\" rel=\"noopener noreferrer\">www.redupsvatby.cz<\/a><br \/>\nEva Pol\u00e1kov\u00e1, Martin Pol\u00e1k- czech, english<br \/>\ne-mail: <a href=\"mailto:Ing.polakovaeva@seznam.cz\">Ing.polakovaeva@seznam.cz<\/a><br \/>\n+420 777 323 821, (+420 775 142 782)<\/p>\n<p>[\/et_pb_text][\/et_pb_column][et_pb_column type=&#8221;1_2&#8243; _builder_version=&#8221;3.25&#8243; custom_padding=&#8221;|||&#8221; custom_padding__hover=&#8221;|||&#8221;][et_pb_contact_form email=&#8221;biuro@jola-moda.pl&#8221; title=&#8221;WRITE TO US&#8221; custom_message=&#8221;%%name%%||et_pb_line_break_holder||%%email%%||et_pb_line_break_holder||%%message%%&#8221; success_message=&#8221;We thank you for sending a message, we also invite you to contact us by phone.&#8221; submit_button_text=&#8221;Send&#8221; admin_label=&#8221;Formularz&#8221; _builder_version=&#8221;4.3.2&#8243;][et_pb_contact_field field_id=&#8221;Name&#8221; field_title=&#8221;Name&#8221; _builder_version=&#8221;4.3.2&#8243; button_text_size__hover_enabled=&#8221;off&#8221; button_one_text_size__hover_enabled=&#8221;off&#8221; button_two_text_size__hover_enabled=&#8221;off&#8221; button_text_color__hover_enabled=&#8221;off&#8221; button_one_text_color__hover_enabled=&#8221;off&#8221; button_two_text_color__hover_enabled=&#8221;off&#8221; button_border_width__hover_enabled=&#8221;off&#8221; button_one_border_width__hover_enabled=&#8221;off&#8221; button_two_border_width__hover_enabled=&#8221;off&#8221; button_border_color__hover_enabled=&#8221;off&#8221; button_one_border_color__hover_enabled=&#8221;off&#8221; button_two_border_color__hover_enabled=&#8221;off&#8221; button_border_radius__hover_enabled=&#8221;off&#8221; button_one_border_radius__hover_enabled=&#8221;off&#8221; button_two_border_radius__hover_enabled=&#8221;off&#8221; button_letter_spacing__hover_enabled=&#8221;off&#8221; button_one_letter_spacing__hover_enabled=&#8221;off&#8221; button_two_letter_spacing__hover_enabled=&#8221;off&#8221; button_bg_color__hover_enabled=&#8221;off&#8221; button_one_bg_color__hover_enabled=&#8221;off&#8221; button_two_bg_color__hover_enabled=&#8221;off&#8221;][\/et_pb_contact_field][et_pb_contact_field field_id=&#8221;Email&#8221; field_title=&#8221;Email&#8221; field_type=&#8221;email&#8221; _builder_version=&#8221;3.16&#8243; button_text_size__hover_enabled=&#8221;off&#8221; button_one_text_size__hover_enabled=&#8221;off&#8221; button_two_text_size__hover_enabled=&#8221;off&#8221; button_text_color__hover_enabled=&#8221;off&#8221; button_one_text_color__hover_enabled=&#8221;off&#8221; button_two_text_color__hover_enabled=&#8221;off&#8221; button_border_width__hover_enabled=&#8221;off&#8221; button_one_border_width__hover_enabled=&#8221;off&#8221; button_two_border_width__hover_enabled=&#8221;off&#8221; button_border_color__hover_enabled=&#8221;off&#8221; button_one_border_color__hover_enabled=&#8221;off&#8221; button_two_border_color__hover_enabled=&#8221;off&#8221; button_border_radius__hover_enabled=&#8221;off&#8221; button_one_border_radius__hover_enabled=&#8221;off&#8221; button_two_border_radius__hover_enabled=&#8221;off&#8221; button_letter_spacing__hover_enabled=&#8221;off&#8221; button_one_letter_spacing__hover_enabled=&#8221;off&#8221; button_two_letter_spacing__hover_enabled=&#8221;off&#8221; button_bg_color__hover_enabled=&#8221;off&#8221; button_one_bg_color__hover_enabled=&#8221;off&#8221; button_two_bg_color__hover_enabled=&#8221;off&#8221;][\/et_pb_contact_field][et_pb_contact_field field_id=&#8221;Message&#8221; field_title=&#8221;Message&#8221; field_type=&#8221;text&#8221; fullwidth_field=&#8221;on&#8221; _builder_version=&#8221;4.3.2&#8243; button_text_size__hover_enabled=&#8221;off&#8221; button_one_text_size__hover_enabled=&#8221;off&#8221; button_two_text_size__hover_enabled=&#8221;off&#8221; button_text_color__hover_enabled=&#8221;off&#8221; button_one_text_color__hover_enabled=&#8221;off&#8221; button_two_text_color__hover_enabled=&#8221;off&#8221; button_border_width__hover_enabled=&#8221;off&#8221; button_one_border_width__hover_enabled=&#8221;off&#8221; button_two_border_width__hover_enabled=&#8221;off&#8221; button_border_color__hover_enabled=&#8221;off&#8221; button_one_border_color__hover_enabled=&#8221;off&#8221; button_two_border_color__hover_enabled=&#8221;off&#8221; button_border_radius__hover_enabled=&#8221;off&#8221; button_one_border_radius__hover_enabled=&#8221;off&#8221; button_two_border_radius__hover_enabled=&#8221;off&#8221; button_letter_spacing__hover_enabled=&#8221;off&#8221; button_one_letter_spacing__hover_enabled=&#8221;off&#8221; button_two_letter_spacing__hover_enabled=&#8221;off&#8221; button_bg_color__hover_enabled=&#8221;off&#8221; button_one_bg_color__hover_enabled=&#8221;off&#8221; button_two_bg_color__hover_enabled=&#8221;off&#8221;][\/et_pb_contact_field][\/et_pb_contact_form][\/et_pb_column][\/et_pb_row][\/et_pb_section]<\/p>\n","protected":false},"excerpt":{"rendered":"<p>We are for You Producer wedding dresses, evening and communion &#8220;JOLA-MODA&#8221; Customer Service Poland, 42-300 Myszk\u00f3w ul. Krasickiego 93 \u201eF\u201d tel.\/fax: +48 34 3133739 e-mail: biuro@jola-moda.pl SALES REPRESENTATIVES: Jolanta Jeziorska- english, german, russian, slovak e-mail: biuro@jola-moda.pl Jacek &amp; Beate Bardorz- german e-mail: jola-moda-bardorz@t-online.de Iwona Pruv\u00f4t &#8211; german, french, italian, english e-mail: ipruvot@jola-moda.pl Redup Design www.redupsvatby.cz [&hellip;]<\/p>\n","protected":false},"author":4,"featured_media":0,"parent":0,"menu_order":0,"comment_status":"closed","ping_status":"closed","template":"","meta":{"_et_pb_use_builder":"on","_et_pb_old_content":"","_et_gb_content_width":"","footnotes":""},"class_list":["post-7412","page","type-page","status-publish","hentry"],"_links":{"self":[{"href":"http:\/\/www.jola-moda.pl\/en\/wp-json\/wp\/v2\/pages\/7412","targetHints":{"allow":["GET"]}}],"collection":[{"href":"http:\/\/www.jola-moda.pl\/en\/wp-json\/wp\/v2\/pages"}],"about":[{"href":"http:\/\/www.jola-moda.pl\/en\/wp-json\/wp\/v2\/types\/page"}],"author":[{"embeddable":true,"href":"http:\/\/www.jola-moda.pl\/en\/wp-json\/wp\/v2\/users\/4"}],"replies":[{"embeddable":true,"href":"http:\/\/www.jola-moda.pl\/en\/wp-json\/wp\/v2\/comments?post=7412"}],"version-history":[{"count":0,"href":"http:\/\/www.jola-moda.pl\/en\/wp-json\/wp\/v2\/pages\/7412\/revisions"}],"wp:attachment":[{"href":"http:\/\/www.jola-moda.pl\/en\/wp-json\/wp\/v2\/media?parent=7412"}],"curies":[{"name":"wp","href":"https:\/\/api.w.org\/{rel}","templated":true}]}}