{"id":7499,"date":"2018-02-21T08:24:30","date_gmt":"2018-02-21T07:24:30","guid":{"rendered":"http:\/\/www.jola-moda.pl\/jola-moda\/"},"modified":"2022-01-03T13:06:29","modified_gmt":"2022-01-03T12:06:29","slug":"ueber-uns","status":"publish","type":"page","link":"http:\/\/www.jola-moda.pl\/de\/","title":{"rendered":"\u00dcber uns"},"content":{"rendered":"<p>[et_pb_section fb_built=&#8221;1&#8243; custom_padding_last_edited=&#8221;on|phone&#8221; _builder_version=&#8221;4.3.4&#8243; background_image=&#8221;http:\/\/www.jola-moda.pl\/wp-content\/uploads\/2021\/12\/Projekt-bez-tytu\u0142u.png&#8221; background_position=&#8221;top_left&#8221; min_height_tablet=&#8221;&#8221; min_height_phone=&#8221;&#8221; min_height_last_edited=&#8221;on|phone&#8221; height=&#8221;1100px&#8221; height_tablet=&#8221;800px&#8221; height_phone=&#8221;&#8221; height_last_edited=&#8221;on|phone&#8221; max_height_tablet=&#8221;&#8221; max_height_phone=&#8221;800px&#8221; max_height_last_edited=&#8221;on|phone&#8221; custom_margin=&#8221;||||false|false&#8221; custom_margin_tablet=&#8221;|||-52px|false|false&#8221; custom_margin_phone=&#8221;|||-120px|false|false&#8221; custom_margin_last_edited=&#8221;on|tablet&#8221; custom_padding=&#8221;37px||37px|92px|true|false&#8221; custom_padding_tablet=&#8221;9px||9px||true|false&#8221; custom_padding_phone=&#8221;46px||46px|0px|true|false&#8221;][et_pb_row _builder_version=&#8221;4.3.4&#8243; module_alignment=&#8221;center&#8221; min_height=&#8221;340px&#8221; custom_margin=&#8221;|auto||336px|false|false&#8221; custom_padding=&#8221;|20px|21px|81px|false|false&#8221;][et_pb_column type=&#8221;4_4&#8243; _builder_version=&#8221;4.3.4&#8243;][et_pb_text content_tablet=&#8221;<\/p>\n<p style=%22padding-left: 60px;%22><span style=%22color: #000000; font-size: large;%22><\/span><\/p>\n<p style=%22padding-left: 60px;%22><span style=%22color: #000000; font-size: large;%22>JOLA MODA \u2013 \u00dcBER 25 JAHRE AUF DEM BRAUTMARKT.<br \/> Die Firma Jola Moda wurde im Jahre 1993 als Familienunternehmen gegr\u00fcndet und hat sich \u00fcber die Jahre als Designer und Hersteller von Braut- Abend und Kommunionkleider in dieser Branche einen Namen gemacht. In den letzten Jahren hat sich unser Unternehmen stark entwickelt. Aufgrund der grossen Nachfrage wurde eine zweite Produktionsanlage f\u00fcr die Herstellung von Sch\u00fctzenfestkleider entstanden..<\/span><\/p>\n<p style=%22padding-left: 30px;%22><span style=%22color: #000000; font-size: large;%22>Unsere Kleider sind in Polen bekannt aber auch in vielen anderen L\u00e4ndern wie Gross Britannien, Deutschland, Frankreich, \u00d6sterreich, D\u00e4nemark, Irland, Slowakei, Tschechien, Litauen , Lettland , Niederlande , Finnland und Russland.<br \/> Unsere Kleider werden aus hochwertigen Stoffen wie, Satin, Tulle und Chiffon mit Sorge um jedes Detail hergestellt, ohne Klebstoff Verwendung. Alle Verzierungen und Spitzen werden mit den H\u00e4nden angen\u00e4ht.<br \/> Unsere Kunden sind positiv \u00fcber unsere schnelle Fertigung \u2013 und Lieferzeit, die gro\u00dfe Auswahl an Gr\u00f6\u00dfen und interresante Designs.<br \/> Wir produzieren Standardgr\u04e7\u03b2e und Massanfertigung.<\/span><\/p>\n<p>&#8221; content_phone=&#8221;<\/p>\n<p>&nbsp;<\/p>\n<p style=%22padding-left: 60px;%22><span style=%22color: #000000; font-size: small;%22>JOLA MODA \u2013 \u00dcBER 25 JAHRE AUF DEM BRAUTMARKT.<br \/>Die Firma Jola Moda wurde im Jahre 1993 als Familienunternehmen gegr\u00fcndet<\/span><\/p>\n<p style=%22padding-left: 60px;%22><span style=%22color: #000000; font-size: small;%22> und hat sich \u00fcber die Jahre als Designer und Hersteller von Braut- Abend und<\/span><span style=%22color: #000000; font-size: small;%22> Kommunionkleider in dieser Branche einen Namen gemacht. In den letzten Jahren hat sich unser Unternehmen stark entwickelt. Aufgrund der grossen Nachfrage wurde eine zweite Produktionsanlage f\u00fcr die Herstellung von Sch\u00fctzenfestkleider entstanden..<\/span><\/p>\n<p style=%22padding-left: 30px;%22><span style=%22font-size: small;%22><span style=%22color: #000000;%22>Unsere Kleider sind in Polen bekannt aber auch in vielen anderen L\u00e4ndern wie <\/span><\/span><span style=%22font-size: small;%22><span style=%22color: #000000;%22>Gross Britannien, Deutschland, Frankreich, \u00d6sterreich, D\u00e4nemark, Irland, Slowakei, Tschechien, Litauen , Lettland , Niederlande , Finnland und Russland.<br \/>Unsere Kleider werden aus hochwertigen Stoffen wie, Satin, Tulle und Chiffon mit Sorge um jedes Detail hergestellt, ohne Klebstoff Verwendung. Alle Verzierungen und Spitzen werden mit den H\u00e4nden angen\u00e4ht.<br \/>Unsere Kunden sind positiv \u00fcber unsere schnelle Fertigung \u2013 und Lieferzeit, die gro\u00dfe Auswahl an Gr\u00f6\u00dfen und interresante Designs.<br \/>Wir produzieren <\/span><span style=%22color: #000000;%22>Standardgr\u04e7\u03b2e und Massanfertigung.<\/span><\/span><\/p>\n<p>&#8221; content_last_edited=&#8221;on|tablet&#8221; _builder_version=&#8221;4.3.4&#8243; text_text_color=&#8221;#ffffff&#8221; background_color=&#8221;rgba(255,255,255,0.5)&#8221; background_color_gradient_start=&#8221;rgba(10,10,10,0.45)&#8221; background_color_gradient_end=&#8221;rgba(0,0,0,0)&#8221; background_color_gradient_type=&#8221;radial&#8221; background_color_gradient_direction_radial=&#8221;left&#8221; text_orientation=&#8221;center&#8221; width_tablet=&#8221;141.2%&#8221; width_phone=&#8221;&#8221; width_last_edited=&#8221;on|phone&#8221; height=&#8221;516px&#8221; height_tablet=&#8221;529px&#8221; height_phone=&#8221;475px&#8221; height_last_edited=&#8221;on|phone&#8221; max_height=&#8221;520px&#8221; custom_margin_tablet=&#8221;|-20px|105px|-124px|false|false&#8221; custom_margin_phone=&#8221;-52px|-104px||-84px|false|false&#8221; custom_margin_last_edited=&#8221;on|phone&#8221; custom_padding=&#8221;|0px|0px|37px|false|false&#8221; animation_style=&#8221;flip&#8221; text_font_size_tablet=&#8221;&#8221; text_font_size_phone=&#8221;10px&#8221; text_font_size_last_edited=&#8221;on|phone&#8221; text_letter_spacing_tablet=&#8221;&#8221; text_letter_spacing_phone=&#8221;&#8221; text_letter_spacing_last_edited=&#8221;on|phone&#8221; text_line_height_tablet=&#8221;&#8221; text_line_height_phone=&#8221;1.4em&#8221; text_line_height_last_edited=&#8221;on|phone&#8221; background_last_edited=&#8221;on|phone&#8221; use_background_color_gradient_tablet=&#8221;on&#8221; use_background_color_gradient_phone=&#8221;on&#8221; background_color_gradient_start_tablet=&#8221;rgba(255,255,255,0.34)&#8221; background_color_gradient_start_phone=&#8221;rgba(255,255,255,0.34)&#8221; background_color_gradient_end_tablet=&#8221;rgba(0,0,0,0)&#8221; background_color_gradient_end_phone=&#8221;rgba(0,0,0,0)&#8221; background_color_gradient_type_tablet=&#8221;radial&#8221; background_color_gradient_direction_radial_tablet=&#8221;bottom left&#8221; background_color_gradient_start_position_tablet=&#8221;0%&#8221; box_shadow_style=&#8221;preset1&#8243; box_shadow_color=&#8221;#000000&#8243;]<\/p>\n<p>&nbsp;<\/p>\n<p style=\"padding-left: 60px;\"><span style=\"color: #000000; font-size: large;\">JOLA MODA \u2013 \u00dcBER 25 JAHRE AUF DEM BRAUTMARKT.<br \/>Die Firma Jola Moda wurde im Jahre 1993 als Familienunternehmen gegr\u00fcndet und hat sich \u00fcber die Jahre als Designer und Hersteller von Braut- Abend und Kommunionkleider in dieser Branche einen Namen gemacht. In den letzten Jahren hat sich unser Unternehmen stark entwickelt. Aufgrund der grossen Nachfrage wurde eine zweite Produktionsanlage f\u00fcr die Herstellung von Sch\u00fctzenfestkleider entstanden..<\/span><\/p>\n<p style=\"padding-left: 30px;\">\u00a0<span style=\"color: #000000; font-size: large;\">Unsere Kleider sind in Polen bekannt aber auch in vielen anderen L\u00e4ndern wie Gross Britannien, Deutschland, Frankreich, \u00d6sterreich, D\u00e4nemark, Irland, Slowakei, Tschechien, Litauen , Lettland , Niederlande , Finnland und Russland.<br \/>Unsere Kleider werden aus hochwertigen Stoffen wie, Satin, Tulle und Chiffon mit Sorge um jedes Detail hergestellt, ohne Klebstoff Verwendung. Alle Verzierungen und Spitzen werden mit den H\u00e4nden angen\u00e4ht.<br \/>Unsere Kunden sind positiv \u00fcber unsere schnelle Fertigung \u2013 und Lieferzeit, die gro\u00dfe Auswahl an Gr\u00f6\u00dfen und interresante Designs.<br \/>Wir produzieren Standardgr\u04e7\u03b2e und Massanfertigung.<\/span><\/p>\n<p>[\/et_pb_text][\/et_pb_column][\/et_pb_row][\/et_pb_section][et_pb_section fb_built=&#8221;1&#8243; fullwidth=&#8221;on&#8221; _builder_version=&#8221;4.3.4&#8243;][et_pb_fullwidth_image _builder_version=&#8221;4.3.4&#8243;][\/et_pb_fullwidth_image][\/et_pb_section]<\/p>\n","protected":false},"excerpt":{"rendered":"<p>&nbsp; JOLA MODA \u2013 \u00dcBER 25 JAHRE AUF DEM BRAUTMARKT.Die Firma Jola Moda wurde im Jahre 1993 als Familienunternehmen gegr\u00fcndet und hat sich \u00fcber die Jahre als Designer und Hersteller von Braut- Abend und Kommunionkleider in dieser Branche einen Namen gemacht. In den letzten Jahren hat sich unser Unternehmen stark entwickelt. Aufgrund der grossen Nachfrage [&hellip;]<\/p>\n","protected":false},"author":4,"featured_media":0,"parent":0,"menu_order":0,"comment_status":"closed","ping_status":"closed","template":"","meta":{"_et_pb_use_builder":"on","_et_pb_old_content":"","_et_gb_content_width":"","footnotes":""},"class_list":["post-7499","page","type-page","status-publish","hentry"],"_links":{"self":[{"href":"http:\/\/www.jola-moda.pl\/de\/wp-json\/wp\/v2\/pages\/7499","targetHints":{"allow":["GET"]}}],"collection":[{"href":"http:\/\/www.jola-moda.pl\/de\/wp-json\/wp\/v2\/pages"}],"about":[{"href":"http:\/\/www.jola-moda.pl\/de\/wp-json\/wp\/v2\/types\/page"}],"author":[{"embeddable":true,"href":"http:\/\/www.jola-moda.pl\/de\/wp-json\/wp\/v2\/users\/4"}],"replies":[{"embeddable":true,"href":"http:\/\/www.jola-moda.pl\/de\/wp-json\/wp\/v2\/comments?post=7499"}],"version-history":[{"count":0,"href":"http:\/\/www.jola-moda.pl\/de\/wp-json\/wp\/v2\/pages\/7499\/revisions"}],"wp:attachment":[{"href":"http:\/\/www.jola-moda.pl\/de\/wp-json\/wp\/v2\/media?parent=7499"}],"curies":[{"name":"wp","href":"https:\/\/api.w.org\/{rel}","templated":true}]}}